{"id":7,"date":"2016-05-18T09:42:38","date_gmt":"2016-05-18T07:42:38","guid":{"rendered":"http:\/\/www.edimmsrl.it\/viapompei\/?page_id=7"},"modified":"2017-04-05T12:57:51","modified_gmt":"2017-04-05T10:57:51","slug":"il-progetto","status":"publish","type":"page","link":"https:\/\/www.edimmsrl.it\/viapompei\/il-progetto\/","title":{"rendered":"Il progetto"},"content":{"rendered":"<p>L\u2019intervento \u00e8 situato in una maglia edilizia individuata da Via Pompei, Via San Raffaele e Via San Giorgio in Altamura, nelle immediate adiacenze di Via Pietro Colletta e quindi di Via Matera. In particolare l\u2019edificio si trova all\u2019inizio di tale maglia, delimitato dalle tre strade cittadine menzionate, con affacci diretti sulle tre strade.<\/p>\n<p><img loading=\"lazy\" decoding=\"async\" class=\"alignnone size-full wp-image-30\" src=\"https:\/\/www.edimmsrl.it\/viapompei\/wp-content\/uploads\/sites\/4\/2016\/05\/ortofoto-via-pompei.jpg\" alt=\"ortofoto via pompei\" width=\"512\" height=\"373\" srcset=\"https:\/\/www.edimmsrl.it\/viapompei\/wp-content\/uploads\/sites\/4\/2016\/05\/ortofoto-via-pompei.jpg 512w, https:\/\/www.edimmsrl.it\/viapompei\/wp-content\/uploads\/sites\/4\/2016\/05\/ortofoto-via-pompei-300x219.jpg 300w\" sizes=\"auto, (max-width: 512px) 100vw, 512px\" \/><\/p>\n<p>Qui sorgeva un rustico edilizio, edificato nel 1967, sigillato ed oramai abbandonato alle incurie del tempo che trascorreva, non pi\u00f9 facilmente recuperabile, date le variate condizioni legislative e di richiesta del mercato.<\/p>\n<p>La Edimm s.r.l., nel rilevare tale immobile e programmare un proprio intervento edilizio da collocare sul mercato, mediante demolizione e ricostruzione di un organismo edilizio in linea con i tempi, poneva come obiettivo ai progettisti la realizzazione di un edificio ben inserito nel contesto urbano, da realizzare secondo i pi\u00f9 avanzati criteri di sostenibilit\u00e0 energetica e di elevati standard di qualit\u00e0 abitativa.<\/p>\n<p>Nasce quindi un edificio che, nel pieno rispetto del protocollo Itaca, si qualifica energeticamente come classe A, con tutti i vantaggi economici che ne derivano nella gestione quotidiana, dotato di elementi caratterizzanti architettonicamente la costruzione e con finitura e dotazioni impiantistiche che assicurano il raggiungimento degli obiettivi posti alla base della progettazione.<\/p>\n<p>Otto unit\u00e0 residenziali su quattro piani che sovrastano il piano terra, con ampie verande che si affacciano su Via Pompei, e tagliate ad evidenziare ed esaltare l\u2019angolo della costruzione sulla stessa via caratterizzato da un maschio murario. Il piano terra occupato da spazi commerciali, viene esaltato dalla presenza di spazi coperti di pertinenza che si affacciano su Via Pompei.<\/p>\n<p>Il rivestimento in pietra naturale locale delle facciate, con colori tenui degli intonaci, unitamente alla delimitazione delle verande con materiali leggeri e trasparenti, contribuiranno all\u2019inserimento della costruzione nel contesto urbano della zona, senza creare uno scollamento con quanto circonda il sito.<\/p>\n<p>&nbsp;<\/p>\n<p style=\"text-align: center;\">[ls_highlight color=&#8221;green&#8221;]Scarica il <a href=\"https:\/\/www.edimmsrl.it\/viapompei\/wp-content\/uploads\/sites\/4\/2016\/05\/Capitolato-vendita.pdf\">Capitolato vendita<\/a> [\/ls_highlight]<\/p>\n<p><img loading=\"lazy\" decoding=\"async\" class=\"aligncenter wp-image-124 size-large\" src=\"https:\/\/www.edimmsrl.it\/viapompei\/wp-content\/uploads\/sites\/4\/2016\/05\/Via-Pompei-1024x724.jpg\" alt=\"\" width=\"1024\" height=\"724\" srcset=\"https:\/\/www.edimmsrl.it\/viapompei\/wp-content\/uploads\/sites\/4\/2016\/05\/Via-Pompei-1024x724.jpg 1024w, https:\/\/www.edimmsrl.it\/viapompei\/wp-content\/uploads\/sites\/4\/2016\/05\/Via-Pompei-300x212.jpg 300w, https:\/\/www.edimmsrl.it\/viapompei\/wp-content\/uploads\/sites\/4\/2016\/05\/Via-Pompei-768x543.jpg 768w, https:\/\/www.edimmsrl.it\/viapompei\/wp-content\/uploads\/sites\/4\/2016\/05\/Via-Pompei-1132x800.jpg 1132w\" sizes=\"auto, (max-width: 1024px) 100vw, 1024px\" \/><\/p>\n<p>L\u2019edificio si compone di 4 piani oltre al piano terra, e piano garage.<\/p>\n<p><strong>Piano garage<\/strong>: interrato, servito da comoda rampa di accesso, costituito da n. 8 box singoli, con serranda di chiusa. Collegato ai piani superiori con impianto ascensore e accesso diretto dal piano terra tramite scala di accesso dedicata.<\/p>\n<p><strong>Piano terra<\/strong>: destinazione commerciale con 4 vetrine e spazio di pertinenza esterna coperto<\/p>\n<p><strong>Vano portone<\/strong> a quota marciapiede, accessibile ai sensi della L. 236\/89, ascensore portata 6 persone, senza barriere architettoniche.<\/p>\n<p><strong>Piani in elevazione<\/strong>: ogni piano composto da n. 2 appartamenti di dimensione pressoch\u00e8 uguale. Ciascun appartamento composto da n. 3 stanze da letto, soggiorno-pranzo, cucina non abitabile, bagno padronale e bagno di servizio. Grandi verande con affaccio su via Pompei, e balconi nella zona notte con affaccio su via San Giorgio.<\/p>\n<p>Ogni appartamento dotato di impianto di riscaldamento autonomo a pavimento, impianto autonomo acqua potabile, impianto solare termico per integrazione acqua calda.<\/p>\n<p>Pavimenti in gres porcellanato con parquet nella zona notte; rivestimenti bagni in gres porcellanato, sanitari del tipo sospesi.<\/p>\n","protected":false},"excerpt":{"rendered":"<p>L\u2019intervento \u00e8 situato in una maglia edilizia individuata da Via Pompei, Via San Raffaele e Via San Giorgio in Altamura, nelle immediate adiacenze di Via Pietro Colletta e quindi di Via Matera. In particolare l\u2019edificio si trova all\u2019inizio di tale maglia, delimitato dalle tre strade cittadine menzionate, con affacci diretti sulle tre strade. Qui sorgeva [&hellip;]<\/p>\n","protected":false},"author":1,"featured_media":0,"parent":0,"menu_order":0,"comment_status":"closed","ping_status":"closed","template":"page-full-width.php","meta":{"footnotes":""},"class_list":["post-7","page","type-page","status-publish","hentry"],"_links":{"self":[{"href":"https:\/\/www.edimmsrl.it\/viapompei\/wp-json\/wp\/v2\/pages\/7","targetHints":{"allow":["GET"]}}],"collection":[{"href":"https:\/\/www.edimmsrl.it\/viapompei\/wp-json\/wp\/v2\/pages"}],"about":[{"href":"https:\/\/www.edimmsrl.it\/viapompei\/wp-json\/wp\/v2\/types\/page"}],"author":[{"embeddable":true,"href":"https:\/\/www.edimmsrl.it\/viapompei\/wp-json\/wp\/v2\/users\/1"}],"replies":[{"embeddable":true,"href":"https:\/\/www.edimmsrl.it\/viapompei\/wp-json\/wp\/v2\/comments?post=7"}],"version-history":[{"count":11,"href":"https:\/\/www.edimmsrl.it\/viapompei\/wp-json\/wp\/v2\/pages\/7\/revisions"}],"predecessor-version":[{"id":126,"href":"https:\/\/www.edimmsrl.it\/viapompei\/wp-json\/wp\/v2\/pages\/7\/revisions\/126"}],"wp:attachment":[{"href":"https:\/\/www.edimmsrl.it\/viapompei\/wp-json\/wp\/v2\/media?parent=7"}],"curies":[{"name":"wp","href":"https:\/\/api.w.org\/{rel}","templated":true}]}}